{"id":309,"date":"2011-11-21T23:12:43","date_gmt":"2011-11-21T22:12:43","guid":{"rendered":"http:\/\/www.bajoaragonesa.org\/elagitador\/?page_id=309"},"modified":"2013-07-15T12:21:37","modified_gmt":"2013-07-15T10:21:37","slug":"manifiesto","status":"publish","type":"page","link":"https:\/\/www.bajoaragonesa.org\/elagitador\/manifiesto\/","title":{"rendered":"Manifiesto"},"content":{"rendered":"<p style=\"text-align: justify;\">\u00c9ramos ni\u00f1os y el a\u00f1o 2000 brillaba en el horizonte como una puerta misteriosa que\u00a0inevitablemente habr\u00edamos de atravesar cuando nos hici\u00e9ramos mayores. Sab\u00edamos a\u00a0trav\u00e9s de m\u00faltiples fuentes que al otro lado esperaba un mundo extra\u00f1o en el que nos\u00a0gobernar\u00edan las computadoras, nos alimentar\u00edamos con p\u00edldoras, vestir\u00edamos monos\u00a0blancos adaptados al vac\u00edo y la falta de gravedad y oscuros monolitos llegados desde\u00a0el espacio exterior nos revelar\u00edan los secretos del cosmos. Aunque nada en nuestra\u00a0vida cotidiana pareciera presagiarlo, aquel era nuestro destino. Solo hab\u00eda que esperar. \u00a0Estaba escrito.<\/p>\n<p style=\"text-align: justify;\">Pero el a\u00f1o 2000 lleg\u00f3 y no percibimos nada extra\u00f1o. Nuestras vidas de adulto\u00a0continuaron con su vertiginosa rutina. Seguimos pisando las mismas calles, saludando\u00a0a los mismos viejos amigos. Seguimos comiendo los mismos platos, vistiendo ropas\u00a0parecidas aunque de tallas superiores y cultivando la misma ignorancia acerca de los\u00a0secretos del cosmos y, en general, acerca de casi todo. Tambi\u00e9n descubrimos que las\u00a0computadoras serv\u00edan para descargar pelis y discos y para chatear. Hab\u00edamos esperado\u00a0en vano. Quienquiera que lo hubiera escrito, se hab\u00eda equivocado.<\/p>\n<p style=\"text-align: justify;\">Resulta injusto negar que s\u00ed hubo cambios. Desgraciadamente muchos son los rasgos\u00a0que nos diferencian de aquellos ni\u00f1os ingenuos que cre\u00edan todo lo que ve\u00edan en la\u00a0tele. En t\u00e9rminos generales hoy vivimos mejor, tenemos m\u00e1s cosas, estamos m\u00e1s\u00a0protegidos. Si la felicidad existe muy probablemente estemos mucho m\u00e1s cerca de\u00a0alcanzarla hoy que treinta a\u00f1os atr\u00e1s.<\/p>\n<p style=\"text-align: justify;\">\u00bfQue a qu\u00e9 viene esta disertaci\u00f3n acerca del retrofuturismo infantil? \u00bfQue si esto\u00a0es otra horrible lamentaci\u00f3n por el tiempo perdido? Nada de eso. El tiempo ha\u00a0pasado, el pa\u00eds ha cambiado, las costumbres han cambiado, nuestros rostros han\u00a0cambiado, nuestras vidas han cambiado. Pero no lo han hecho los discursos. Hemos\u00a0mejorado, hemos avanzado, hemos perdido ingenuidad, hemos ganado en cinismo. \u00a0Pero seguimos crey\u00e9ndonos a pies juntillas los mismos cuentos de siempre. Nuestras\u00a0capacidades se han visto incrementadas por las m\u00faltiples oportunidades que el\u00a0mundo nos brinda, nuestras percepciones se ven ampliadas por lo mucho que\u00a0hemos aprendido, pero en el fondo seguimos atados al viejo y at\u00e1vico repertorio de\u00a0respuestas con las que ya nuestros abuelos pon\u00edan orden a sus mundos peque\u00f1os y de\u00a0por s\u00ed ordenados. Somos capaces de manejar complejas maquinarias, de interactuar en\u00a0el seno de sofisticadas e in\u00e9ditas estructuras sociales pero seguimos sintiendo p\u00e1nico a\u00a0encarar cualquier reflexi\u00f3n acerca de lo que somos y de c\u00f3mo hemos llegado a serlo.<\/p>\n<p style=\"text-align: justify;\">Once a\u00f1os despu\u00e9s de aquel que iba a cambiar nuestras vidas somos muchos los\u00a0que seguimos esperando a que ciertas cosas cambien de una vez. El caso es que\u00a0algunos, cansados de esperar, nos hemos hecho la siguiente y obvia pregunta: \u00bfPor\u00a0qu\u00e9 no intentamos cambiarlo nosotros en lugar de seguir esperando a que otros\u00a0lo hagan? \u00bfPor qu\u00e9 no dar un paso al frente? Y aunque pueda parecer un desvar\u00edo,\u00a0no hace mucho, una noche, despu\u00e9s de haber formulado la pregunta en voz alta,\u00a0mientras escrut\u00e1bamos con sobrecogimiento el firmamento estrellado en busca de\u00a0una respuesta, pudimos percibir una oscura forma rectangular flotando por encima\u00a0de nuestras cabezas que, poco a poco, fue descendiendo hasta posarse suavemente\u00a0a un centenar de metros de nuestra posici\u00f3n. Ninguno de los presentes consigue\u00a0hoy ponerse de acuerdo acerca de la naturaleza del sonido que brot\u00f3 de aquella\u00a0presencia negra como la misma noche. Ninguno es capaz de recordar cuanto dur\u00f3\u00a0la experiencia. Lo cierto es que a pesar de la confusi\u00f3n que todav\u00eda gu\u00eda nuestros\u00a0recuerdos, todos abandonamos el lugar con una idea fija instalada en la mente: fundar\u00a0BAJOARAGONESA DE AGITACI\u00d3N Y PROPAGANDA.\u00a0Y lo peor es que tampoco sabemos muy bien qu\u00e9 es BAJOARAGONESA DE AGITACION\u00a0Y PROPAGANDA. S\u00f3lo conseguimos recordar los siete puntos que aquel monolito nos\u00a0transmiti\u00f3 claramente entre estridencias y distorsiones sonoras y que reproducimos a\u00a0continuaci\u00f3n para general conocimiento:<\/p>\n<p style=\"text-align: justify;\">1- Bajoaragonesa de Agitaci\u00f3n y Propaganda no\u00a0es una sociedad mercantil. No es una cofrad\u00eda de Semana Santa. Ni un club de\u00a0f\u00fatbol. Ni una sociedad gastron\u00f3mica. Ni un Fondo de Inversi\u00f3n.<\/p>\n<p style=\"text-align: justify;\">2- Bajoaragonesa de Agitaci\u00f3n y Propaganda no aspira a nada. No renuncia a\u00a0nada. No tiene ideolog\u00eda. No tiene un programa. Ni un horario. Ni un esquema.<\/p>\n<p style=\"text-align: justify;\">3- Bajoaragonesa de Agitaci\u00f3n y Propaganda no ha venido para quedarse. Ni para\u00a0llevarse a nadie por delante. Ni para poner las cosas en ning\u00fan sitio. Ni para\u00a0enriquecer a la sociedad civil. Ni para enriquecerse a s\u00ed misma ni a ninguno de\u00a0sus miembros.<\/p>\n<p style=\"text-align: justify;\">4- Bajoaragonesa de Agitaci\u00f3n y propaganda aspira m\u00e1s a expandirse en la\u00a0atm\u00f3sfera como los gases nobles que a crecer en direcci\u00f3n al cielo como los\u00a0\u00e1rboles o las vanas ilusiones. Antes que hacerse con una legi\u00f3n de convencidos\u00a0prefiere inundar las calles con las semillas de la duda. Huye como de la peste\u00a0del asentimiento y la complacencia.<\/p>\n<p style=\"text-align: justify;\">5- Bajoaragonesa de Agitaci\u00f3n y Propaganda deber\u00e1 buscar en los arrabales poco\u00a0frecuentados de las ciudades un sitio c\u00f3modo y sombreado desde el que tentar\u00a0a los viajeros. No le importa acercarse demasiado al fuego. Ni exponerse a la\u00a0lluvia o al sol.<\/p>\n<p style=\"text-align: justify;\">6- Bajoragonesa de Agitaci\u00f3n y Propaganda tiende la mano a los que se interrogan\u00a0por el curso de los acontecimientos. A los que gustan de sacar conclusiones\u00a0incluso equivocadas. A los que merodean. A los que preguntan. A los que no se\u00a0callan.<\/p>\n<p style=\"text-align: justify;\">7- Para todo ello nace Bajoaragonesa de Agitaci\u00f3n y Propaganda. Para agitar,\u00a0provocar, conciliar, proponer, refutar. Para hacer propaganda y divulgar y\u00a0compartir y motivar. Para exigir y exigirse. Para derruir los cimientos del\u00a0complej\u00edsimo mundo en el que nos ha tocado vivir, para refundarlo, para\u00a0mejorarlo o, simplemente, para intentar entender una m\u00ednima parte de su\u00a0endemoniado funcionamiento.<\/p>\n<p>Lo \u00fanico que alcanzamos a decir es que, a medida que vayamos sabiendo m\u00e1s cosas,\u00a0seguiremos informando.<\/p>\n<p>&nbsp;<\/p>\n<p><strong><em>Nota:<\/em><\/strong><\/p>\n<p>La direcci\u00f3n, editorial o\u00a0consejo de redacci\u00f3n no se responsabiliza ni necesariamente tiene que estar de acuerdo con las opiniones de sus colaboradores o la forma de expresarlas, ni de las opiniones expresadas en las entrevistas.<\/p>\n<p>As\u00ed mismo, nuestros colaboradores no tienen que estar de acuerdo con las opiniones de la direcci\u00f3n, editorial o consejo de redacci\u00f3n, ni con la forma de expresarlas.<\/p>\n<p>&nbsp;<\/p>\n","protected":false},"excerpt":{"rendered":"<p>\u00c9ramos ni\u00f1os y el a\u00f1o 2000 brillaba en el horizonte como una puerta misteriosa que\u00a0inevitablemente habr\u00edamos de atravesar cuando nos hici\u00e9ramos mayores. Sab\u00edamos a\u00a0trav\u00e9s de<\/p>\n","protected":false},"author":10,"featured_media":0,"parent":0,"menu_order":0,"comment_status":"closed","ping_status":"open","template":"","meta":{"footnotes":""},"class_list":["post-309","page","type-page","status-publish","hentry"],"yoast_head":"<!-- This site is optimized with the Yoast SEO plugin v27.3 - https:\/\/yoast.com\/product\/yoast-seo-wordpress\/ -->\n<title>Manifiesto - El Agitador<\/title>\n<meta name=\"robots\" content=\"index, follow, max-snippet:-1, max-image-preview:large, max-video-preview:-1\" \/>\n<link rel=\"canonical\" href=\"https:\/\/www.bajoaragonesa.org\/elagitador\/manifiesto\/\" \/>\n<meta property=\"og:locale\" content=\"es_ES\" \/>\n<meta property=\"og:type\" content=\"article\" \/>\n<meta property=\"og:title\" content=\"Manifiesto - El Agitador\" \/>\n<meta property=\"og:description\" content=\"\u00c9ramos ni\u00f1os y el a\u00f1o 2000 brillaba en el horizonte como una puerta misteriosa que\u00a0inevitablemente habr\u00edamos de atravesar cuando nos hici\u00e9ramos mayores. Sab\u00edamos a\u00a0trav\u00e9s de\" \/>\n<meta property=\"og:url\" content=\"https:\/\/www.bajoaragonesa.org\/elagitador\/manifiesto\/\" \/>\n<meta property=\"og:site_name\" content=\"El Agitador\" \/>\n<meta property=\"article:publisher\" content=\"https:\/\/www.facebook.com\/Bajoaragonesa\" \/>\n<meta property=\"article:modified_time\" content=\"2013-07-15T10:21:37+00:00\" \/>\n<meta property=\"og:image\" content=\"https:\/\/www.bajoaragonesa.org\/elagitador\/wp-content\/uploads\/2014\/05\/Literatura-para-el-Pueblo_320x240.jpg\" \/>\n\t<meta property=\"og:image:width\" content=\"320\" \/>\n\t<meta property=\"og:image:height\" content=\"240\" \/>\n\t<meta property=\"og:image:type\" content=\"image\/jpeg\" \/>\n<meta name=\"twitter:card\" content=\"summary_large_image\" \/>\n<meta name=\"twitter:site\" content=\"@bajoaragonesa\" \/>\n<meta name=\"twitter:label1\" content=\"Tiempo de lectura\" \/>\n\t<meta name=\"twitter:data1\" content=\"6 minutos\" \/>\n<script type=\"application\/ld+json\" class=\"yoast-schema-graph\">{\"@context\":\"https:\\\/\\\/schema.org\",\"@graph\":[{\"@type\":\"WebPage\",\"@id\":\"https:\\\/\\\/www.bajoaragonesa.org\\\/elagitador\\\/manifiesto\\\/\",\"url\":\"https:\\\/\\\/www.bajoaragonesa.org\\\/elagitador\\\/manifiesto\\\/\",\"name\":\"Manifiesto - El Agitador\",\"isPartOf\":{\"@id\":\"https:\\\/\\\/www.bajoaragonesa.org\\\/elagitador\\\/#website\"},\"datePublished\":\"2011-11-21T22:12:43+00:00\",\"dateModified\":\"2013-07-15T10:21:37+00:00\",\"breadcrumb\":{\"@id\":\"https:\\\/\\\/www.bajoaragonesa.org\\\/elagitador\\\/manifiesto\\\/#breadcrumb\"},\"inLanguage\":\"es\",\"potentialAction\":[{\"@type\":\"ReadAction\",\"target\":[\"https:\\\/\\\/www.bajoaragonesa.org\\\/elagitador\\\/manifiesto\\\/\"]}]},{\"@type\":\"BreadcrumbList\",\"@id\":\"https:\\\/\\\/www.bajoaragonesa.org\\\/elagitador\\\/manifiesto\\\/#breadcrumb\",\"itemListElement\":[{\"@type\":\"ListItem\",\"position\":1,\"name\":\"Portada\",\"item\":\"https:\\\/\\\/www.bajoaragonesa.org\\\/elagitador\\\/\"},{\"@type\":\"ListItem\",\"position\":2,\"name\":\"Manifiesto\"}]},{\"@type\":\"WebSite\",\"@id\":\"https:\\\/\\\/www.bajoaragonesa.org\\\/elagitador\\\/#website\",\"url\":\"https:\\\/\\\/www.bajoaragonesa.org\\\/elagitador\\\/\",\"name\":\"El Agitador\",\"description\":\"Una publicaci\u00f3n de Bajoaragonesa de Agitaci\u00f3n y Propaganda\",\"potentialAction\":[{\"@type\":\"SearchAction\",\"target\":{\"@type\":\"EntryPoint\",\"urlTemplate\":\"https:\\\/\\\/www.bajoaragonesa.org\\\/elagitador\\\/?s={search_term_string}\"},\"query-input\":{\"@type\":\"PropertyValueSpecification\",\"valueRequired\":true,\"valueName\":\"search_term_string\"}}],\"inLanguage\":\"es\"}]}<\/script>\n<!-- \/ Yoast SEO plugin. -->","yoast_head_json":{"title":"Manifiesto - El Agitador","robots":{"index":"index","follow":"follow","max-snippet":"max-snippet:-1","max-image-preview":"max-image-preview:large","max-video-preview":"max-video-preview:-1"},"canonical":"https:\/\/www.bajoaragonesa.org\/elagitador\/manifiesto\/","og_locale":"es_ES","og_type":"article","og_title":"Manifiesto - El Agitador","og_description":"\u00c9ramos ni\u00f1os y el a\u00f1o 2000 brillaba en el horizonte como una puerta misteriosa que\u00a0inevitablemente habr\u00edamos de atravesar cuando nos hici\u00e9ramos mayores. Sab\u00edamos a\u00a0trav\u00e9s de","og_url":"https:\/\/www.bajoaragonesa.org\/elagitador\/manifiesto\/","og_site_name":"El Agitador","article_publisher":"https:\/\/www.facebook.com\/Bajoaragonesa","article_modified_time":"2013-07-15T10:21:37+00:00","og_image":[{"width":320,"height":240,"url":"https:\/\/www.bajoaragonesa.org\/elagitador\/wp-content\/uploads\/2014\/05\/Literatura-para-el-Pueblo_320x240.jpg","type":"image\/jpeg"}],"twitter_card":"summary_large_image","twitter_site":"@bajoaragonesa","twitter_misc":{"Tiempo de lectura":"6 minutos"},"schema":{"@context":"https:\/\/schema.org","@graph":[{"@type":"WebPage","@id":"https:\/\/www.bajoaragonesa.org\/elagitador\/manifiesto\/","url":"https:\/\/www.bajoaragonesa.org\/elagitador\/manifiesto\/","name":"Manifiesto - El Agitador","isPartOf":{"@id":"https:\/\/www.bajoaragonesa.org\/elagitador\/#website"},"datePublished":"2011-11-21T22:12:43+00:00","dateModified":"2013-07-15T10:21:37+00:00","breadcrumb":{"@id":"https:\/\/www.bajoaragonesa.org\/elagitador\/manifiesto\/#breadcrumb"},"inLanguage":"es","potentialAction":[{"@type":"ReadAction","target":["https:\/\/www.bajoaragonesa.org\/elagitador\/manifiesto\/"]}]},{"@type":"BreadcrumbList","@id":"https:\/\/www.bajoaragonesa.org\/elagitador\/manifiesto\/#breadcrumb","itemListElement":[{"@type":"ListItem","position":1,"name":"Portada","item":"https:\/\/www.bajoaragonesa.org\/elagitador\/"},{"@type":"ListItem","position":2,"name":"Manifiesto"}]},{"@type":"WebSite","@id":"https:\/\/www.bajoaragonesa.org\/elagitador\/#website","url":"https:\/\/www.bajoaragonesa.org\/elagitador\/","name":"El Agitador","description":"Una publicaci\u00f3n de Bajoaragonesa de Agitaci\u00f3n y Propaganda","potentialAction":[{"@type":"SearchAction","target":{"@type":"EntryPoint","urlTemplate":"https:\/\/www.bajoaragonesa.org\/elagitador\/?s={search_term_string}"},"query-input":{"@type":"PropertyValueSpecification","valueRequired":true,"valueName":"search_term_string"}}],"inLanguage":"es"}]}},"_links":{"self":[{"href":"https:\/\/www.bajoaragonesa.org\/elagitador\/wp-json\/wp\/v2\/pages\/309","targetHints":{"allow":["GET"]}}],"collection":[{"href":"https:\/\/www.bajoaragonesa.org\/elagitador\/wp-json\/wp\/v2\/pages"}],"about":[{"href":"https:\/\/www.bajoaragonesa.org\/elagitador\/wp-json\/wp\/v2\/types\/page"}],"author":[{"embeddable":true,"href":"https:\/\/www.bajoaragonesa.org\/elagitador\/wp-json\/wp\/v2\/users\/10"}],"replies":[{"embeddable":true,"href":"https:\/\/www.bajoaragonesa.org\/elagitador\/wp-json\/wp\/v2\/comments?post=309"}],"version-history":[{"count":0,"href":"https:\/\/www.bajoaragonesa.org\/elagitador\/wp-json\/wp\/v2\/pages\/309\/revisions"}],"wp:attachment":[{"href":"https:\/\/www.bajoaragonesa.org\/elagitador\/wp-json\/wp\/v2\/media?parent=309"}],"curies":[{"name":"wp","href":"https:\/\/api.w.org\/{rel}","templated":true}]}}